{"id":372,"date":"2023-05-03T15:29:40","date_gmt":"2023-05-03T13:29:40","guid":{"rendered":"https:\/\/www.simplexcyber.dk\/?page_id=372"},"modified":"2025-12-11T23:16:21","modified_gmt":"2025-12-11T22:16:21","slug":"kontakt","status":"publish","type":"page","link":"https:\/\/www.simplexcyber.dk\/?page_id=372","title":{"rendered":"Kontakt"},"content":{"rendered":"\t\t<div data-elementor-type=\"wp-page\" data-elementor-id=\"372\" class=\"elementor elementor-372\" data-elementor-post-type=\"page\">\n\t\t\t\t\t\t<section class=\"elementor-section elementor-top-section elementor-element elementor-element-151e86fb elementor-section-full_width elementor-section-height-min-height elementor-section-items-stretch elementor-section-content-middle elementor-reverse-tablet elementor-reverse-mobile elementor-section-height-default\" data-id=\"151e86fb\" data-element_type=\"section\" data-settings=\"{&quot;background_background&quot;:&quot;gradient&quot;}\">\n\t\t\t\t\t\t<div class=\"elementor-container elementor-column-gap-no\">\n\t\t\t\t\t<div class=\"elementor-column elementor-col-100 elementor-top-column elementor-element elementor-element-7571938f\" data-id=\"7571938f\" data-element_type=\"column\">\n\t\t\t<div class=\"elementor-widget-wrap elementor-element-populated\">\n\t\t\t\t\t\t<div class=\"elementor-element elementor-element-6a6aec2 animated-slow elementor-invisible elementor-widget elementor-widget-heading\" data-id=\"6a6aec2\" data-element_type=\"widget\" data-settings=\"{&quot;_animation&quot;:&quot;fadeIn&quot;}\" data-widget_type=\"heading.default\">\n\t\t\t\t<div class=\"elementor-widget-container\">\n\t\t\t\t\t<h1 class=\"elementor-heading-title elementor-size-default\">Har du sp\u00f8rgsm\u00e5l til indholdet i vores sikkerhedsaftale?<\/h1>\t\t\t\t<\/div>\n\t\t\t\t<\/div>\n\t\t\t\t<div class=\"elementor-element elementor-element-561faee1 elementor-invisible elementor-widget elementor-widget-text-editor\" data-id=\"561faee1\" data-element_type=\"widget\" data-settings=\"{&quot;_animation&quot;:&quot;fadeIn&quot;,&quot;_animation_delay&quot;:200}\" data-widget_type=\"text-editor.default\">\n\t\t\t\t<div class=\"elementor-widget-container\">\n\t\t\t\t\t\t\t\t\t<p>Har du sp\u00f8rgsm\u00e5l er du velkommen til at bruge en af de forskellige metoder til at kontakte os, som vi tilbyder her p\u00e5 siden. Vi vil g\u00f8re vores bedste for at besvare jeres henvendelser s\u00e5 hurtigt og pr\u00e6cist som muligt.<\/p><p>Vi er her for at hj\u00e6lpe og ser frem til at h\u00f8re fra jer.<\/p>\t\t\t\t\t\t\t\t<\/div>\n\t\t\t\t<\/div>\n\t\t\t\t\t<\/div>\n\t\t<\/div>\n\t\t\t\t\t<\/div>\n\t\t<\/section>\n\t\t\t\t<section class=\"elementor-section elementor-top-section elementor-element elementor-element-4cf442c elementor-section-boxed elementor-section-height-default elementor-section-height-default\" data-id=\"4cf442c\" data-element_type=\"section\">\n\t\t\t\t\t\t<div class=\"elementor-container elementor-column-gap-default\">\n\t\t\t\t\t<div class=\"elementor-column elementor-col-33 elementor-top-column elementor-element elementor-element-6df6ae8\" data-id=\"6df6ae8\" data-element_type=\"column\">\n\t\t\t<div class=\"elementor-widget-wrap elementor-element-populated\">\n\t\t\t\t\t\t<div class=\"elementor-element elementor-element-a597095 elementor-view-default elementor-widget elementor-widget-icon\" data-id=\"a597095\" data-element_type=\"widget\" data-widget_type=\"icon.default\">\n\t\t\t\t<div class=\"elementor-widget-container\">\n\t\t\t\t\t\t\t<div class=\"elementor-icon-wrapper\">\n\t\t\t<div class=\"elementor-icon\">\n\t\t\t<i aria-hidden=\"true\" class=\"far fa-calendar-alt\"><\/i>\t\t\t<\/div>\n\t\t<\/div>\n\t\t\t\t\t\t<\/div>\n\t\t\t\t<\/div>\n\t\t\t\t<div class=\"elementor-element elementor-element-10795bd elementor-widget elementor-widget-heading\" data-id=\"10795bd\" data-element_type=\"widget\" data-widget_type=\"heading.default\">\n\t\t\t\t<div class=\"elementor-widget-container\">\n\t\t\t\t\t<h2 class=\"elementor-heading-title elementor-size-default\">\u00c5bningstider<\/h2>\t\t\t\t<\/div>\n\t\t\t\t<\/div>\n\t\t\t\t<div class=\"elementor-element elementor-element-2c86958 elementor-widget elementor-widget-text-editor\" data-id=\"2c86958\" data-element_type=\"widget\" data-widget_type=\"text-editor.default\">\n\t\t\t\t<div class=\"elementor-widget-container\">\n\t\t\t\t\t\t\t\t\t<p>Vores kontor har \u00e5ben alle hverdage fra kl. 08:00-16:00. Supporten holder d\u00f8gn\u00e5ben.<\/p>\t\t\t\t\t\t\t\t<\/div>\n\t\t\t\t<\/div>\n\t\t\t\t\t<\/div>\n\t\t<\/div>\n\t\t\t\t<div class=\"elementor-column elementor-col-33 elementor-top-column elementor-element elementor-element-7603a7c\" data-id=\"7603a7c\" data-element_type=\"column\">\n\t\t\t<div class=\"elementor-widget-wrap elementor-element-populated\">\n\t\t\t\t\t\t<div class=\"elementor-element elementor-element-814e0e0 elementor-view-default elementor-widget elementor-widget-icon\" data-id=\"814e0e0\" data-element_type=\"widget\" data-widget_type=\"icon.default\">\n\t\t\t\t<div class=\"elementor-widget-container\">\n\t\t\t\t\t\t\t<div class=\"elementor-icon-wrapper\">\n\t\t\t<div class=\"elementor-icon\">\n\t\t\t<i aria-hidden=\"true\" class=\"far fa-address-card\"><\/i>\t\t\t<\/div>\n\t\t<\/div>\n\t\t\t\t\t\t<\/div>\n\t\t\t\t<\/div>\n\t\t\t\t<div class=\"elementor-element elementor-element-3ab2eb4 elementor-widget elementor-widget-heading\" data-id=\"3ab2eb4\" data-element_type=\"widget\" data-widget_type=\"heading.default\">\n\t\t\t\t<div class=\"elementor-widget-container\">\n\t\t\t\t\t<h2 class=\"elementor-heading-title elementor-size-default\">Kontakt<\/h2>\t\t\t\t<\/div>\n\t\t\t\t<\/div>\n\t\t\t\t<div class=\"elementor-element elementor-element-cceae3e elementor-widget elementor-widget-text-editor\" data-id=\"cceae3e\" data-element_type=\"widget\" data-widget_type=\"text-editor.default\">\n\t\t\t\t<div class=\"elementor-widget-container\">\n\t\t\t\t\t\t\t\t\t<p>Kontakt vores CEO, Torben, p\u00e5 tlf. <a href=\"tel:51912194\"><span data-olk-copy-source=\"MessageBody\">+45 51 91 21 94<\/span> <\/a>eller e-mail <a href=\"mailto:torben@simplexcyber.com\">torben@simplexcyber.com<\/a><\/p>\t\t\t\t\t\t\t\t<\/div>\n\t\t\t\t<\/div>\n\t\t\t\t\t<\/div>\n\t\t<\/div>\n\t\t\t\t<div class=\"elementor-column elementor-col-33 elementor-top-column elementor-element elementor-element-12f1f67\" data-id=\"12f1f67\" data-element_type=\"column\">\n\t\t\t<div class=\"elementor-widget-wrap elementor-element-populated\">\n\t\t\t\t\t\t<div class=\"elementor-element elementor-element-48a4ee6 elementor-view-default elementor-widget elementor-widget-icon\" data-id=\"48a4ee6\" data-element_type=\"widget\" data-widget_type=\"icon.default\">\n\t\t\t\t<div class=\"elementor-widget-container\">\n\t\t\t\t\t\t\t<div class=\"elementor-icon-wrapper\">\n\t\t\t<div class=\"elementor-icon\">\n\t\t\t<i aria-hidden=\"true\" class=\"far fa-compass\"><\/i>\t\t\t<\/div>\n\t\t<\/div>\n\t\t\t\t\t\t<\/div>\n\t\t\t\t<\/div>\n\t\t\t\t<div class=\"elementor-element elementor-element-8e1f248 elementor-widget elementor-widget-heading\" data-id=\"8e1f248\" data-element_type=\"widget\" data-widget_type=\"heading.default\">\n\t\t\t\t<div class=\"elementor-widget-container\">\n\t\t\t\t\t<h2 class=\"elementor-heading-title elementor-size-default\">Adresse<\/h2>\t\t\t\t<\/div>\n\t\t\t\t<\/div>\n\t\t\t\t<div class=\"elementor-element elementor-element-3f39a88 elementor-widget elementor-widget-text-editor\" data-id=\"3f39a88\" data-element_type=\"widget\" data-widget_type=\"text-editor.default\">\n\t\t\t\t<div class=\"elementor-widget-container\">\n\t\t\t\t\t\t\t\t\t<p>Hovedkontor<br>Tinghusgade 43, 5700 Svendborg<\/p>\t\t\t\t\t\t\t\t<\/div>\n\t\t\t\t<\/div>\n\t\t\t\t\t<\/div>\n\t\t<\/div>\n\t\t\t\t\t<\/div>\n\t\t<\/section>\n\t\t\t\t<section class=\"elementor-section elementor-top-section elementor-element elementor-element-771654f9 elementor-section-boxed elementor-section-height-default elementor-section-height-default\" data-id=\"771654f9\" data-element_type=\"section\" data-settings=\"{&quot;background_background&quot;:&quot;classic&quot;}\">\n\t\t\t\t\t\t<div class=\"elementor-container elementor-column-gap-no\">\n\t\t\t\t\t<div class=\"elementor-column elementor-col-100 elementor-top-column elementor-element elementor-element-4b55dbf\" data-id=\"4b55dbf\" data-element_type=\"column\">\n\t\t\t<div class=\"elementor-widget-wrap elementor-element-populated\">\n\t\t\t\t\t\t<div class=\"elementor-element elementor-element-3e82e34 elementor-widget elementor-widget-heading\" data-id=\"3e82e34\" data-element_type=\"widget\" data-widget_type=\"heading.default\">\n\t\t\t\t<div class=\"elementor-widget-container\">\n\t\t\t\t\t<h4 class=\"elementor-heading-title elementor-size-default\">Om SCI<\/h4>\t\t\t\t<\/div>\n\t\t\t\t<\/div>\n\t\t\t\t<div class=\"elementor-element elementor-element-27036e98 animated-slow elementor-invisible elementor-widget elementor-widget-heading\" data-id=\"27036e98\" data-element_type=\"widget\" data-settings=\"{&quot;_animation&quot;:&quot;fadeIn&quot;}\" data-widget_type=\"heading.default\">\n\t\t\t\t<div class=\"elementor-widget-container\">\n\t\t\t\t\t<h2 class=\"elementor-heading-title elementor-size-default\">Hvorfor genopbygge n\u00e5r du kan forebygge?<\/h2>\t\t\t\t<\/div>\n\t\t\t\t<\/div>\n\t\t\t\t\t<\/div>\n\t\t<\/div>\n\t\t\t\t\t<\/div>\n\t\t<\/section>\n\t\t\t\t<section class=\"elementor-section elementor-top-section elementor-element elementor-element-1fd53f06 elementor-section-boxed elementor-section-height-default elementor-section-height-default\" data-id=\"1fd53f06\" data-element_type=\"section\" data-settings=\"{&quot;background_background&quot;:&quot;classic&quot;}\">\n\t\t\t\t\t\t<div class=\"elementor-container elementor-column-gap-no\">\n\t\t\t\t\t<div class=\"elementor-column elementor-col-100 elementor-top-column elementor-element elementor-element-255abca5\" data-id=\"255abca5\" data-element_type=\"column\">\n\t\t\t<div class=\"elementor-widget-wrap elementor-element-populated\">\n\t\t\t\t\t\t<div class=\"elementor-element elementor-element-366ce064 elementor-invisible elementor-widget elementor-widget-text-editor\" data-id=\"366ce064\" data-element_type=\"widget\" data-settings=\"{&quot;_animation&quot;:&quot;fadeIn&quot;,&quot;_animation_delay&quot;:200}\" data-widget_type=\"text-editor.default\">\n\t\t\t\t<div class=\"elementor-widget-container\">\n\t\t\t\t\t\t\t\t\t<p>Vi mener, at cybersikkerhed skal v\u00e6re for alle. Det er vores mission at hj\u00e6lpe og styrke sm\u00e5 og mellemstore virksomheder. Dette sker bl.a. igennem en modenhedstest, som giver jer viden og indblik i jeres virksomheds sikkerhedsniveau. Yderligere \u00f8nsker vi at skabe tryghed for jer d\u00f8gnet rundt og derfor st\u00e5r vores CERN-team klar til at underst\u00f8tte jeres virksomhed i tilf\u00e6lde af et cyberangreb 24\/7.<\/p><p>Vi arbejder h\u00e5rdt for at reducere risikoen for cyberkriminalitet i erhvervslivet og v\u00e6re en p\u00e5lidelig partner for vores kunder i en stadig mere digitaliseret verden. Vi vil opbygge langvarige relationer med vores kunder og skabe en sikkerheds kultur, der vil v\u00e6re en standard for hele branchen. Vi vil v\u00e6re kendt for vores professionalisme, ekspertise, integritet og engagement i at beskytte vores kunders data og omd\u00f8mme.<\/p>\t\t\t\t\t\t\t\t<\/div>\n\t\t\t\t<\/div>\n\t\t\t\t<div class=\"elementor-element elementor-element-0eacab0 elementor-mobile-align-justify animated-fast elementor-align-left elementor-tablet-align-center elementor-invisible elementor-widget elementor-widget-button\" data-id=\"0eacab0\" data-element_type=\"widget\" data-settings=\"{&quot;_animation&quot;:&quot;fadeIn&quot;,&quot;_animation_delay&quot;:400}\" data-widget_type=\"button.default\">\n\t\t\t\t<div class=\"elementor-widget-container\">\n\t\t\t\t\t\t\t\t\t<div class=\"elementor-button-wrapper\">\n\t\t\t\t\t<a class=\"elementor-button elementor-button-link elementor-size-sm elementor-animation-float\" href=\"https:\/\/www.simplexcyber.dk\/?page_id=408\">\n\t\t\t\t\t\t<span class=\"elementor-button-content-wrapper\">\n\t\t\t\t\t\t\t\t\t<span class=\"elementor-button-text\">L\u00e6s mere om SCI her<\/span>\n\t\t\t\t\t<\/span>\n\t\t\t\t\t<\/a>\n\t\t\t\t<\/div>\n\t\t\t\t\t\t\t\t<\/div>\n\t\t\t\t<\/div>\n\t\t\t\t\t<\/div>\n\t\t<\/div>\n\t\t\t\t\t<\/div>\n\t\t<\/section>\n\t\t\t\t<\/div>\n\t\t","protected":false},"excerpt":{"rendered":"<p>Har du sp\u00f8rgsm\u00e5l til indholdet i vores sikkerhedsaftale? Har du sp\u00f8rgsm\u00e5l er du velkommen til at bruge en af de forskellige metoder til at kontakte os, som vi tilbyder her p\u00e5 siden. Vi vil g\u00f8re vores bedste for at besvare jeres henvendelser s\u00e5 hurtigt og pr\u00e6cist som muligt. Vi er her for at hj\u00e6lpe og [&hellip;]<\/p>\n","protected":false},"author":2,"featured_media":0,"parent":0,"menu_order":0,"comment_status":"closed","ping_status":"closed","template":"","meta":{"footnotes":""},"class_list":["post-372","page","type-page","status-publish","hentry"],"yoast_head":"<!-- This site is optimized with the Yoast SEO plugin v26.5 - https:\/\/yoast.com\/wordpress\/plugins\/seo\/ -->\n<title>Kontakt vores cybersikkerhedseksperter<\/title>\n<meta name=\"description\" content=\"\u00d8nsker du skr\u00e6ddersyet r\u00e5dgivning om cybersikkerhed? Kontakt vores erfarne team af eksperter og tidligere efterretningsspecialister.\" \/>\n<meta name=\"robots\" content=\"index, follow, max-snippet:-1, max-image-preview:large, max-video-preview:-1\" \/>\n<link rel=\"canonical\" href=\"https:\/\/www.simplexcyber.dk\/?page_id=372\" \/>\n<meta property=\"og:locale\" content=\"da_DK\" \/>\n<meta property=\"og:type\" content=\"article\" \/>\n<meta property=\"og:title\" content=\"Kontakt vores cybersikkerhedseksperter\" \/>\n<meta property=\"og:description\" content=\"\u00d8nsker du skr\u00e6ddersyet r\u00e5dgivning om cybersikkerhed? Kontakt vores erfarne team af eksperter og tidligere efterretningsspecialister.\" \/>\n<meta property=\"og:url\" content=\"https:\/\/www.simplexcyber.dk\/?page_id=372\" \/>\n<meta property=\"og:site_name\" content=\"Simplex Cyber &amp; Intelligence\" \/>\n<meta property=\"article:modified_time\" content=\"2025-12-11T22:16:21+00:00\" \/>\n<meta name=\"twitter:card\" content=\"summary_large_image\" \/>\n<meta name=\"twitter:label1\" content=\"Estimeret l\u00e6setid\" \/>\n\t<meta name=\"twitter:data1\" content=\"2 minutter\" \/>\n<script type=\"application\/ld+json\" class=\"yoast-schema-graph\">{\"@context\":\"https:\/\/schema.org\",\"@graph\":[{\"@type\":\"WebPage\",\"@id\":\"https:\/\/www.simplexcyber.dk\/?page_id=372\",\"url\":\"https:\/\/www.simplexcyber.dk\/?page_id=372\",\"name\":\"Kontakt vores cybersikkerhedseksperter\",\"isPartOf\":{\"@id\":\"https:\/\/www.simplexcyber.dk\/#website\"},\"datePublished\":\"2023-05-03T13:29:40+00:00\",\"dateModified\":\"2025-12-11T22:16:21+00:00\",\"description\":\"\u00d8nsker du skr\u00e6ddersyet r\u00e5dgivning om cybersikkerhed? Kontakt vores erfarne team af eksperter og tidligere efterretningsspecialister.\",\"breadcrumb\":{\"@id\":\"https:\/\/www.simplexcyber.dk\/?page_id=372#breadcrumb\"},\"inLanguage\":\"da-DK\",\"potentialAction\":[{\"@type\":\"ReadAction\",\"target\":[\"https:\/\/www.simplexcyber.dk\/?page_id=372\"]}]},{\"@type\":\"BreadcrumbList\",\"@id\":\"https:\/\/www.simplexcyber.dk\/?page_id=372#breadcrumb\",\"itemListElement\":[{\"@type\":\"ListItem\",\"position\":1,\"name\":\"Hjem\",\"item\":\"https:\/\/www.simplexcyber.dk\/\"},{\"@type\":\"ListItem\",\"position\":2,\"name\":\"Kontakt\"}]},{\"@type\":\"WebSite\",\"@id\":\"https:\/\/www.simplexcyber.dk\/#website\",\"url\":\"https:\/\/www.simplexcyber.dk\/\",\"name\":\"Simplex Cyber &amp; Intelligence\",\"description\":\"Sikkerhed for alle\",\"publisher\":{\"@id\":\"https:\/\/www.simplexcyber.dk\/#organization\"},\"potentialAction\":[{\"@type\":\"SearchAction\",\"target\":{\"@type\":\"EntryPoint\",\"urlTemplate\":\"https:\/\/www.simplexcyber.dk\/?s={search_term_string}\"},\"query-input\":{\"@type\":\"PropertyValueSpecification\",\"valueRequired\":true,\"valueName\":\"search_term_string\"}}],\"inLanguage\":\"da-DK\"},{\"@type\":\"Organization\",\"@id\":\"https:\/\/www.simplexcyber.dk\/#organization\",\"name\":\"Simplex Cyber &amp; Intelligence\",\"url\":\"https:\/\/www.simplexcyber.dk\/\",\"logo\":{\"@type\":\"ImageObject\",\"inLanguage\":\"da-DK\",\"@id\":\"https:\/\/www.simplexcyber.dk\/#\/schema\/logo\/image\/\",\"url\":\"https:\/\/www.simplexcyber.dk\/wp-content\/uploads\/2023\/05\/Logo-.png\",\"contentUrl\":\"https:\/\/www.simplexcyber.dk\/wp-content\/uploads\/2023\/05\/Logo-.png\",\"width\":200,\"height\":120,\"caption\":\"Simplex Cyber &amp; Intelligence\"},\"image\":{\"@id\":\"https:\/\/www.simplexcyber.dk\/#\/schema\/logo\/image\/\"}}]}<\/script>\n<!-- \/ Yoast SEO plugin. -->","yoast_head_json":{"title":"Kontakt vores cybersikkerhedseksperter","description":"\u00d8nsker du skr\u00e6ddersyet r\u00e5dgivning om cybersikkerhed? Kontakt vores erfarne team af eksperter og tidligere efterretningsspecialister.","robots":{"index":"index","follow":"follow","max-snippet":"max-snippet:-1","max-image-preview":"max-image-preview:large","max-video-preview":"max-video-preview:-1"},"canonical":"https:\/\/www.simplexcyber.dk\/?page_id=372","og_locale":"da_DK","og_type":"article","og_title":"Kontakt vores cybersikkerhedseksperter","og_description":"\u00d8nsker du skr\u00e6ddersyet r\u00e5dgivning om cybersikkerhed? Kontakt vores erfarne team af eksperter og tidligere efterretningsspecialister.","og_url":"https:\/\/www.simplexcyber.dk\/?page_id=372","og_site_name":"Simplex Cyber &amp; Intelligence","article_modified_time":"2025-12-11T22:16:21+00:00","twitter_card":"summary_large_image","twitter_misc":{"Estimeret l\u00e6setid":"2 minutter"},"schema":{"@context":"https:\/\/schema.org","@graph":[{"@type":"WebPage","@id":"https:\/\/www.simplexcyber.dk\/?page_id=372","url":"https:\/\/www.simplexcyber.dk\/?page_id=372","name":"Kontakt vores cybersikkerhedseksperter","isPartOf":{"@id":"https:\/\/www.simplexcyber.dk\/#website"},"datePublished":"2023-05-03T13:29:40+00:00","dateModified":"2025-12-11T22:16:21+00:00","description":"\u00d8nsker du skr\u00e6ddersyet r\u00e5dgivning om cybersikkerhed? Kontakt vores erfarne team af eksperter og tidligere efterretningsspecialister.","breadcrumb":{"@id":"https:\/\/www.simplexcyber.dk\/?page_id=372#breadcrumb"},"inLanguage":"da-DK","potentialAction":[{"@type":"ReadAction","target":["https:\/\/www.simplexcyber.dk\/?page_id=372"]}]},{"@type":"BreadcrumbList","@id":"https:\/\/www.simplexcyber.dk\/?page_id=372#breadcrumb","itemListElement":[{"@type":"ListItem","position":1,"name":"Hjem","item":"https:\/\/www.simplexcyber.dk\/"},{"@type":"ListItem","position":2,"name":"Kontakt"}]},{"@type":"WebSite","@id":"https:\/\/www.simplexcyber.dk\/#website","url":"https:\/\/www.simplexcyber.dk\/","name":"Simplex Cyber &amp; Intelligence","description":"Sikkerhed for alle","publisher":{"@id":"https:\/\/www.simplexcyber.dk\/#organization"},"potentialAction":[{"@type":"SearchAction","target":{"@type":"EntryPoint","urlTemplate":"https:\/\/www.simplexcyber.dk\/?s={search_term_string}"},"query-input":{"@type":"PropertyValueSpecification","valueRequired":true,"valueName":"search_term_string"}}],"inLanguage":"da-DK"},{"@type":"Organization","@id":"https:\/\/www.simplexcyber.dk\/#organization","name":"Simplex Cyber &amp; Intelligence","url":"https:\/\/www.simplexcyber.dk\/","logo":{"@type":"ImageObject","inLanguage":"da-DK","@id":"https:\/\/www.simplexcyber.dk\/#\/schema\/logo\/image\/","url":"https:\/\/www.simplexcyber.dk\/wp-content\/uploads\/2023\/05\/Logo-.png","contentUrl":"https:\/\/www.simplexcyber.dk\/wp-content\/uploads\/2023\/05\/Logo-.png","width":200,"height":120,"caption":"Simplex Cyber &amp; Intelligence"},"image":{"@id":"https:\/\/www.simplexcyber.dk\/#\/schema\/logo\/image\/"}}]}},"_links":{"self":[{"href":"https:\/\/www.simplexcyber.dk\/index.php?rest_route=\/wp\/v2\/pages\/372","targetHints":{"allow":["GET"]}}],"collection":[{"href":"https:\/\/www.simplexcyber.dk\/index.php?rest_route=\/wp\/v2\/pages"}],"about":[{"href":"https:\/\/www.simplexcyber.dk\/index.php?rest_route=\/wp\/v2\/types\/page"}],"author":[{"embeddable":true,"href":"https:\/\/www.simplexcyber.dk\/index.php?rest_route=\/wp\/v2\/users\/2"}],"replies":[{"embeddable":true,"href":"https:\/\/www.simplexcyber.dk\/index.php?rest_route=%2Fwp%2Fv2%2Fcomments&post=372"}],"version-history":[{"count":206,"href":"https:\/\/www.simplexcyber.dk\/index.php?rest_route=\/wp\/v2\/pages\/372\/revisions"}],"predecessor-version":[{"id":1773,"href":"https:\/\/www.simplexcyber.dk\/index.php?rest_route=\/wp\/v2\/pages\/372\/revisions\/1773"}],"wp:attachment":[{"href":"https:\/\/www.simplexcyber.dk\/index.php?rest_route=%2Fwp%2Fv2%2Fmedia&parent=372"}],"curies":[{"name":"wp","href":"https:\/\/api.w.org\/{rel}","templated":true}]}}