{"id":3,"date":"2023-04-20T11:16:13","date_gmt":"2023-04-20T09:16:13","guid":{"rendered":"http:\/\/simplexcyber.dk\/?page_id=3"},"modified":"2025-12-11T23:18:17","modified_gmt":"2025-12-11T22:18:17","slug":"privatlivspolitik","status":"publish","type":"page","link":"https:\/\/www.simplexcyber.dk\/?page_id=3","title":{"rendered":"Privatlivspolitik"},"content":{"rendered":"\t\t<div data-elementor-type=\"wp-page\" data-elementor-id=\"3\" class=\"elementor elementor-3\" data-elementor-post-type=\"page\">\n\t\t\t\t\t\t<section class=\"elementor-section elementor-top-section elementor-element elementor-element-6c2bc82 elementor-section-boxed elementor-section-height-default elementor-section-height-default\" data-id=\"6c2bc82\" data-element_type=\"section\" data-settings=\"{&quot;background_background&quot;:&quot;classic&quot;}\">\n\t\t\t\t\t\t<div class=\"elementor-container elementor-column-gap-default\">\n\t\t\t\t\t<div class=\"elementor-column elementor-col-100 elementor-top-column elementor-element elementor-element-a364215\" data-id=\"a364215\" data-element_type=\"column\">\n\t\t\t<div class=\"elementor-widget-wrap elementor-element-populated\">\n\t\t\t\t\t\t<div class=\"elementor-element elementor-element-8b25e1a elementor-widget elementor-widget-heading\" data-id=\"8b25e1a\" data-element_type=\"widget\" data-widget_type=\"heading.default\">\n\t\t\t\t<div class=\"elementor-widget-container\">\n\t\t\t\t\t<h2 class=\"elementor-heading-title elementor-size-default\">Privatlivspolitik<\/h2>\t\t\t\t<\/div>\n\t\t\t\t<\/div>\n\t\t\t\t\t<\/div>\n\t\t<\/div>\n\t\t\t\t\t<\/div>\n\t\t<\/section>\n\t\t\t\t<section class=\"elementor-section elementor-top-section elementor-element elementor-element-2f39cad elementor-section-boxed elementor-section-height-default elementor-section-height-default\" data-id=\"2f39cad\" data-element_type=\"section\">\n\t\t\t\t\t\t<div class=\"elementor-container elementor-column-gap-default\">\n\t\t\t\t\t<div class=\"elementor-column elementor-col-100 elementor-top-column elementor-element elementor-element-baf4ad7\" data-id=\"baf4ad7\" data-element_type=\"column\">\n\t\t\t<div class=\"elementor-widget-wrap elementor-element-populated\">\n\t\t\t\t\t\t<div class=\"elementor-element elementor-element-5fb2ca8 elementor-widget elementor-widget-heading\" data-id=\"5fb2ca8\" data-element_type=\"widget\" data-widget_type=\"heading.default\">\n\t\t\t\t<div class=\"elementor-widget-container\">\n\t\t\t\t\t<h2 class=\"elementor-heading-title elementor-size-default\">Intro<\/h2>\t\t\t\t<\/div>\n\t\t\t\t<\/div>\n\t\t\t\t<div class=\"elementor-element elementor-element-6db1a9e elementor-widget elementor-widget-text-editor\" data-id=\"6db1a9e\" data-element_type=\"widget\" data-widget_type=\"text-editor.default\">\n\t\t\t\t<div class=\"elementor-widget-container\">\n\t\t\t\t\t\t\t\t\t<p>Hos SCI \u200b\u200btager vi beskyttelsen af \u200b\u200bdine personlige oplysninger alvorligt. Denne privatlivspolitik beskriver, hvordan vi indsamler, bruger og beskytter dine personlige oplysninger, n\u00e5r du bes\u00f8ger vores hjemmeside.\u00a0<\/p>\n<p>\u00d8nsker du ikke at der indsamles oplysninger, b\u00f8r du undlade at bruge hjemmesiden og slette alle dine cookies.<\/p>\n<p>De indsamlede oplysninger benyttes bl.a. til at forbedre indholdet du f\u00e5r vist p\u00e5 hjemmesiden, og derved din oplevelse med SCI&#8217;s hjemmeside.\u00a0<\/p>\n<p>Vi tager dit privatliv alvorligt, og vi vil altid handle i overensstemmelse med g\u00e6ldende love og regler om beskyttelse af personoplysninger.<\/p>\t\t\t\t\t\t\t\t<\/div>\n\t\t\t\t<\/div>\n\t\t\t\t\t<\/div>\n\t\t<\/div>\n\t\t\t\t\t<\/div>\n\t\t<\/section>\n\t\t\t\t<section class=\"elementor-section elementor-top-section elementor-element elementor-element-f022443 elementor-section-boxed elementor-section-height-default elementor-section-height-default\" data-id=\"f022443\" data-element_type=\"section\">\n\t\t\t\t\t\t<div class=\"elementor-container elementor-column-gap-default\">\n\t\t\t\t\t<div class=\"elementor-column elementor-col-100 elementor-top-column elementor-element elementor-element-253a5bf\" data-id=\"253a5bf\" data-element_type=\"column\">\n\t\t\t<div class=\"elementor-widget-wrap elementor-element-populated\">\n\t\t\t\t\t\t<div class=\"elementor-element elementor-element-a2e476e elementor-widget elementor-widget-heading\" data-id=\"a2e476e\" data-element_type=\"widget\" data-widget_type=\"heading.default\">\n\t\t\t\t<div class=\"elementor-widget-container\">\n\t\t\t\t\t<h2 class=\"elementor-heading-title elementor-size-default\">Cookies<\/h2>\t\t\t\t<\/div>\n\t\t\t\t<\/div>\n\t\t\t\t<div class=\"elementor-element elementor-element-e3a5a6c elementor-widget elementor-widget-text-editor\" data-id=\"e3a5a6c\" data-element_type=\"widget\" data-widget_type=\"text-editor.default\">\n\t\t\t\t<div class=\"elementor-widget-container\">\n\t\t\t\t\t\t\t\t\t<p>N\u00e5r du bes\u00f8ger SCI&#8217;s hjemmeside, vil sm\u00e5 tekstfiler, ogs\u00e5 kendt som cookies, blive gemt p\u00e5 din computer, mobil eller anden enhed. Disse filer bruges til at huske dine pr\u00e6ferencer og indstillinger, s\u00e5 du ikke beh\u00f8ver at indtaste dem hver gang du bes\u00f8ger hjemmesiden.<\/p>\n<p>Ved bes\u00f8g p\u00e5 vores hjemmeside vil du automatisk modtage en eller flere cookies. Det skal dog n\u00e6vnes, at disse filer ikke indeholder skadelig kode som f.eks. virus.<\/p>\n<p>Vi anvender de indsamlede oplysninger til at forbedre hjemmesiden og give dig en bedre brugeroplevelse.<\/p>\n<p>Det er muligt at deaktivere cookies i din browser, men dette kan f\u00f8re til, at dele af hjemmesiden ikke fungerer optimalt og at nogle indhold vil v\u00e6re utilg\u00e6ngelige.<\/p>\n<p><strong>Hvilken type cookies indsamler vi?<\/strong><\/p>\n<p>Ved bes\u00f8g p\u00e5 SCI&#8217;s hjemmeside vil f\u00f8lgende typer cookies blive indsamlet:<\/p>\n<p>Tekniske n\u00f8dvendige cookies: Disse cookies er afg\u00f8rende for, at hjemmesiden fungerer korrekt. De bruges til at huske dine pr\u00e6ferencer og indstillinger, s\u00e5 du ikke beh\u00f8ver at indtaste dem hver gang, du bes\u00f8ger hjemmesiden igen.<\/p>\n<p>Analyse- og statistikcookies: Disse cookies bruges til at indsamle information om din brug af hjemmesiden. Dette inkluderer statistik om, hvad du har set og gjort p\u00e5 hjemmesiden.<\/p>\n<p>Marketing- og reklamecookies: Disse cookies bruges til at vise dig reklamer, der er relevante for dig. De bruges til at spore dine bev\u00e6gelser p\u00e5 hjemmesiden og indsamle information om dine interesser, s\u00e5 reklamerne kan tilpasses til dine pr\u00e6ferencer.<\/p>\t\t\t\t\t\t\t\t<\/div>\n\t\t\t\t<\/div>\n\t\t\t\t\t<\/div>\n\t\t<\/div>\n\t\t\t\t\t<\/div>\n\t\t<\/section>\n\t\t\t\t<section class=\"elementor-section elementor-top-section elementor-element elementor-element-6318b20 elementor-section-boxed elementor-section-height-default elementor-section-height-default\" data-id=\"6318b20\" data-element_type=\"section\">\n\t\t\t\t\t\t<div class=\"elementor-container elementor-column-gap-default\">\n\t\t\t\t\t<div class=\"elementor-column elementor-col-100 elementor-top-column elementor-element elementor-element-0d1b011\" data-id=\"0d1b011\" data-element_type=\"column\">\n\t\t\t<div class=\"elementor-widget-wrap elementor-element-populated\">\n\t\t\t\t\t\t<div class=\"elementor-element elementor-element-75925a3 elementor-widget elementor-widget-heading\" data-id=\"75925a3\" data-element_type=\"widget\" data-widget_type=\"heading.default\">\n\t\t\t\t<div class=\"elementor-widget-container\">\n\t\t\t\t\t<h2 class=\"elementor-heading-title elementor-size-default\">Personoplysninger<\/h2>\t\t\t\t<\/div>\n\t\t\t\t<\/div>\n\t\t\t\t<div class=\"elementor-element elementor-element-b974eb8 elementor-widget elementor-widget-text-editor\" data-id=\"b974eb8\" data-element_type=\"widget\" data-widget_type=\"text-editor.default\">\n\t\t\t\t<div class=\"elementor-widget-container\">\n\t\t\t\t\t\t\t\t\t<p>Personoplysninger d\u00e6kker over oplysninger, der kan identificere dig som person, enten direkte eller indirekte. Det kan v\u00e6re generelle oplysninger s\u00e5som navn, adresse, telefonnummer og f\u00f8dselsdato, men det kan ogs\u00e5 v\u00e6re mere specifikke oplysninger.<\/p>\n<p>De oplysninger, vi indsamler, vil kun blive anvendt til det specifikke form\u00e5l, de er indsamlet til. N\u00e5r dette form\u00e5l er opfyldt eller ikke l\u00e6ngere relevant, vil oplysningerne blive slettet.<\/p>\n<p>N\u00e5r du bes\u00f8ger vores hjemmeside, vil f\u00f8lgende oplysninger blive behandlet, hvis du giver samtykke hertil: et unikt ID og tekniske oplysninger om din computer, tablet eller mobiltelefon, dit IP-nummer, din geografiske placering, samt hvilke sider du klikker p\u00e5.<\/p>\t\t\t\t\t\t\t\t<\/div>\n\t\t\t\t<\/div>\n\t\t\t\t\t<\/div>\n\t\t<\/div>\n\t\t\t\t\t<\/div>\n\t\t<\/section>\n\t\t\t\t<section class=\"elementor-section elementor-top-section elementor-element elementor-element-6c0f9d8 elementor-section-boxed elementor-section-height-default elementor-section-height-default\" data-id=\"6c0f9d8\" data-element_type=\"section\">\n\t\t\t\t\t\t<div class=\"elementor-container elementor-column-gap-default\">\n\t\t\t\t\t<div class=\"elementor-column elementor-col-100 elementor-top-column elementor-element elementor-element-0196995\" data-id=\"0196995\" data-element_type=\"column\">\n\t\t\t<div class=\"elementor-widget-wrap elementor-element-populated\">\n\t\t\t\t\t\t<div class=\"elementor-element elementor-element-518e227 elementor-widget elementor-widget-heading\" data-id=\"518e227\" data-element_type=\"widget\" data-widget_type=\"heading.default\">\n\t\t\t\t<div class=\"elementor-widget-container\">\n\t\t\t\t\t<h2 class=\"elementor-heading-title elementor-size-default\">Periode for opbevaring<\/h2>\t\t\t\t<\/div>\n\t\t\t\t<\/div>\n\t\t\t\t<div class=\"elementor-element elementor-element-6206746 elementor-widget elementor-widget-text-editor\" data-id=\"6206746\" data-element_type=\"widget\" data-widget_type=\"text-editor.default\">\n\t\t\t\t<div class=\"elementor-widget-container\">\n\t\t\t\t\t\t\t\t\t<p>Opbevaringsperioden for cookies og personoplysninger varierer afh\u00e6ngigt af forskellige faktorer, herunder form\u00e5let med indsamlingen og de g\u00e6ldende lovkrav.<\/p>\n<p>Nogle cookies slettes automatisk, n\u00e5r du lukker din browser, mens andre kan opbevares i l\u00e6ngere perioder, for eksempel for at huske dine pr\u00e6ferencer eller spore din adf\u00e6rd p\u00e5 hjemmesiden for at forbedre din brugeroplevelse.<\/p>\n<p>Opbevaringsperioden for dine oplysninger afh\u00e6nger af oplysningernes art og form\u00e5let med deres opbevaring. Derfor kan der ikke gives en generel tidsramme for, hvorn\u00e5r dine oplysninger vil blive slettet.<\/p>\t\t\t\t\t\t\t\t<\/div>\n\t\t\t\t<\/div>\n\t\t\t\t\t<\/div>\n\t\t<\/div>\n\t\t\t\t\t<\/div>\n\t\t<\/section>\n\t\t\t\t<section class=\"elementor-section elementor-top-section elementor-element elementor-element-38e535c elementor-section-boxed elementor-section-height-default elementor-section-height-default\" data-id=\"38e535c\" data-element_type=\"section\">\n\t\t\t\t\t\t<div class=\"elementor-container elementor-column-gap-default\">\n\t\t\t\t\t<div class=\"elementor-column elementor-col-100 elementor-top-column elementor-element elementor-element-d5dcb44\" data-id=\"d5dcb44\" data-element_type=\"column\">\n\t\t\t<div class=\"elementor-widget-wrap elementor-element-populated\">\n\t\t\t\t\t\t<div class=\"elementor-element elementor-element-715e3b3 elementor-widget elementor-widget-heading\" data-id=\"715e3b3\" data-element_type=\"widget\" data-widget_type=\"heading.default\">\n\t\t\t\t<div class=\"elementor-widget-container\">\n\t\t\t\t\t<h2 class=\"elementor-heading-title elementor-size-default\">Videregivelse af oplysninger<\/h2>\t\t\t\t<\/div>\n\t\t\t\t<\/div>\n\t\t\t\t<div class=\"elementor-element elementor-element-07f6814 elementor-widget elementor-widget-text-editor\" data-id=\"07f6814\" data-element_type=\"widget\" data-widget_type=\"text-editor.default\">\n\t\t\t\t<div class=\"elementor-widget-container\">\n\t\t\t\t\t\t\t\t\t<p>Vi videregiver kun dine oplysninger til betroede tredjeparter, som kun omfatter data om din brug af hjemmesiden, annoncer, geografisk placering, k\u00f8n og alderssegment. Disse oplysninger er n\u00f8dvendige for at levere og optimere indholdet p\u00e5 hjemmesiden.<\/p>\n<p>Vi bruger ogs\u00e5 tredjepartstjenester til at opbevare og behandle data, men disse tjenester behandler kun dine oplysninger p\u00e5 vores vegne og m\u00e5 ikke bruge dem til deres egne form\u00e5l. Vi tager dit privatliv alvorligt og vil kun dele dine oplysninger med p\u00e5lidelige tredjeparter.<\/p>\n<p>\u00a0<\/p>\t\t\t\t\t\t\t\t<\/div>\n\t\t\t\t<\/div>\n\t\t\t\t\t<\/div>\n\t\t<\/div>\n\t\t\t\t\t<\/div>\n\t\t<\/section>\n\t\t\t\t<section class=\"elementor-section elementor-top-section elementor-element elementor-element-3b1cdf4 elementor-section-boxed elementor-section-height-default elementor-section-height-default\" data-id=\"3b1cdf4\" data-element_type=\"section\">\n\t\t\t\t\t\t<div class=\"elementor-container elementor-column-gap-default\">\n\t\t\t\t\t<div class=\"elementor-column elementor-col-100 elementor-top-column elementor-element elementor-element-9e0e095\" data-id=\"9e0e095\" data-element_type=\"column\">\n\t\t\t<div class=\"elementor-widget-wrap elementor-element-populated\">\n\t\t\t\t\t\t<div class=\"elementor-element elementor-element-9a97da7 elementor-widget elementor-widget-heading\" data-id=\"9a97da7\" data-element_type=\"widget\" data-widget_type=\"heading.default\">\n\t\t\t\t<div class=\"elementor-widget-container\">\n\t\t\t\t\t<h2 class=\"elementor-heading-title elementor-size-default\">Indsigt og klager<\/h2>\t\t\t\t<\/div>\n\t\t\t\t<\/div>\n\t\t\t\t<div class=\"elementor-element elementor-element-567db4a elementor-widget elementor-widget-text-editor\" data-id=\"567db4a\" data-element_type=\"widget\" data-widget_type=\"text-editor.default\">\n\t\t\t\t<div class=\"elementor-widget-container\">\n\t\t\t\t\t\t\t\t\t<p>Du har ret til at f\u00e5 oplyst, hvilke informationer, vi behandler om dig. Du kan til enhver tid g\u00f8re indsigelse mod de oplysninger der anvendes eller tilbagekalde dit samtykke.<\/p>\n<p>Du kan altid kontakte os, hvis du \u00f8nsker at f\u00e5 oplyst, rettet eller slettet nogle af de oplysninger vi ligger inde med om dig.<\/p>\n<p>Simplex Cyber &amp; Intelligence ApS<br>CVR: 43558994<br>Tinghusgade 43,&nbsp;<br>5700 Svendborg<br><a href=\"mailto:info@simplexcyber.com\">info@simplexcyber.com<\/a><\/p>\n<p>Hvis du ikke l\u00e6ngere \u00f8nsker, at vi skal behandle eller begr\u00e6nse behandlingen af dine personoplysninger, kan du ogs\u00e5 sende os en anmodning herom til ovenn\u00e6vnte e-mailadresse.<\/p>\t\t\t\t\t\t\t\t<\/div>\n\t\t\t\t<\/div>\n\t\t\t\t\t<\/div>\n\t\t<\/div>\n\t\t\t\t\t<\/div>\n\t\t<\/section>\n\t\t\t\t<\/div>\n\t\t","protected":false},"excerpt":{"rendered":"<p>Privatlivspolitik Intro Hos SCI \u200b\u200btager vi beskyttelsen af \u200b\u200bdine personlige oplysninger alvorligt. Denne privatlivspolitik beskriver, hvordan vi indsamler, bruger og beskytter dine personlige oplysninger, n\u00e5r du bes\u00f8ger vores hjemmeside.\u00a0 \u00d8nsker du ikke at der indsamles oplysninger, b\u00f8r du undlade at bruge hjemmesiden og slette alle dine cookies. De indsamlede oplysninger benyttes bl.a. til at forbedre [&hellip;]<\/p>\n","protected":false},"author":1,"featured_media":0,"parent":0,"menu_order":0,"comment_status":"closed","ping_status":"closed","template":"","meta":{"footnotes":""},"class_list":["post-3","page","type-page","status-publish","hentry"],"yoast_head":"<!-- This site is optimized with the Yoast SEO plugin v26.5 - https:\/\/yoast.com\/wordpress\/plugins\/seo\/ -->\n<title>Privatlivspolitik | Beskyttelse af dine data og oplysninger<\/title>\n<meta name=\"description\" content=\"Vores privatlivspolitik sikrer beskyttelse af dine oplysninger. L\u00e6s, hvordan vi h\u00e5ndterer data i overensstemmelse med g\u00e6ldende standarder\" \/>\n<meta name=\"robots\" content=\"index, follow, max-snippet:-1, max-image-preview:large, max-video-preview:-1\" \/>\n<link rel=\"canonical\" href=\"https:\/\/www.simplexcyber.dk\/?page_id=3\" \/>\n<meta property=\"og:locale\" content=\"da_DK\" \/>\n<meta property=\"og:type\" content=\"article\" \/>\n<meta property=\"og:title\" content=\"Privatlivspolitik | Beskyttelse af dine data og oplysninger\" \/>\n<meta property=\"og:description\" content=\"Vores privatlivspolitik sikrer beskyttelse af dine oplysninger. L\u00e6s, hvordan vi h\u00e5ndterer data i overensstemmelse med g\u00e6ldende standarder\" \/>\n<meta property=\"og:url\" content=\"https:\/\/www.simplexcyber.dk\/?page_id=3\" \/>\n<meta property=\"og:site_name\" content=\"Simplex Cyber &amp; Intelligence\" \/>\n<meta property=\"article:modified_time\" content=\"2025-12-11T22:18:17+00:00\" \/>\n<meta name=\"twitter:card\" content=\"summary_large_image\" \/>\n<meta name=\"twitter:label1\" content=\"Estimeret l\u00e6setid\" \/>\n\t<meta name=\"twitter:data1\" content=\"4 minutter\" \/>\n<script type=\"application\/ld+json\" class=\"yoast-schema-graph\">{\"@context\":\"https:\/\/schema.org\",\"@graph\":[{\"@type\":\"WebPage\",\"@id\":\"https:\/\/www.simplexcyber.dk\/?page_id=3\",\"url\":\"https:\/\/www.simplexcyber.dk\/?page_id=3\",\"name\":\"Privatlivspolitik | Beskyttelse af dine data og oplysninger\",\"isPartOf\":{\"@id\":\"https:\/\/www.simplexcyber.dk\/#website\"},\"datePublished\":\"2023-04-20T09:16:13+00:00\",\"dateModified\":\"2025-12-11T22:18:17+00:00\",\"description\":\"Vores privatlivspolitik sikrer beskyttelse af dine oplysninger. L\u00e6s, hvordan vi h\u00e5ndterer data i overensstemmelse med g\u00e6ldende standarder\",\"breadcrumb\":{\"@id\":\"https:\/\/www.simplexcyber.dk\/?page_id=3#breadcrumb\"},\"inLanguage\":\"da-DK\",\"potentialAction\":[{\"@type\":\"ReadAction\",\"target\":[\"https:\/\/www.simplexcyber.dk\/?page_id=3\"]}]},{\"@type\":\"BreadcrumbList\",\"@id\":\"https:\/\/www.simplexcyber.dk\/?page_id=3#breadcrumb\",\"itemListElement\":[{\"@type\":\"ListItem\",\"position\":1,\"name\":\"Hjem\",\"item\":\"https:\/\/www.simplexcyber.dk\/\"},{\"@type\":\"ListItem\",\"position\":2,\"name\":\"Privatlivspolitik\"}]},{\"@type\":\"WebSite\",\"@id\":\"https:\/\/www.simplexcyber.dk\/#website\",\"url\":\"https:\/\/www.simplexcyber.dk\/\",\"name\":\"Simplex Cyber &amp; Intelligence\",\"description\":\"Sikkerhed for alle\",\"publisher\":{\"@id\":\"https:\/\/www.simplexcyber.dk\/#organization\"},\"potentialAction\":[{\"@type\":\"SearchAction\",\"target\":{\"@type\":\"EntryPoint\",\"urlTemplate\":\"https:\/\/www.simplexcyber.dk\/?s={search_term_string}\"},\"query-input\":{\"@type\":\"PropertyValueSpecification\",\"valueRequired\":true,\"valueName\":\"search_term_string\"}}],\"inLanguage\":\"da-DK\"},{\"@type\":\"Organization\",\"@id\":\"https:\/\/www.simplexcyber.dk\/#organization\",\"name\":\"Simplex Cyber &amp; Intelligence\",\"url\":\"https:\/\/www.simplexcyber.dk\/\",\"logo\":{\"@type\":\"ImageObject\",\"inLanguage\":\"da-DK\",\"@id\":\"https:\/\/www.simplexcyber.dk\/#\/schema\/logo\/image\/\",\"url\":\"https:\/\/www.simplexcyber.dk\/wp-content\/uploads\/2023\/05\/Logo-.png\",\"contentUrl\":\"https:\/\/www.simplexcyber.dk\/wp-content\/uploads\/2023\/05\/Logo-.png\",\"width\":200,\"height\":120,\"caption\":\"Simplex Cyber &amp; Intelligence\"},\"image\":{\"@id\":\"https:\/\/www.simplexcyber.dk\/#\/schema\/logo\/image\/\"}}]}<\/script>\n<!-- \/ Yoast SEO plugin. -->","yoast_head_json":{"title":"Privatlivspolitik | Beskyttelse af dine data og oplysninger","description":"Vores privatlivspolitik sikrer beskyttelse af dine oplysninger. L\u00e6s, hvordan vi h\u00e5ndterer data i overensstemmelse med g\u00e6ldende standarder","robots":{"index":"index","follow":"follow","max-snippet":"max-snippet:-1","max-image-preview":"max-image-preview:large","max-video-preview":"max-video-preview:-1"},"canonical":"https:\/\/www.simplexcyber.dk\/?page_id=3","og_locale":"da_DK","og_type":"article","og_title":"Privatlivspolitik | Beskyttelse af dine data og oplysninger","og_description":"Vores privatlivspolitik sikrer beskyttelse af dine oplysninger. L\u00e6s, hvordan vi h\u00e5ndterer data i overensstemmelse med g\u00e6ldende standarder","og_url":"https:\/\/www.simplexcyber.dk\/?page_id=3","og_site_name":"Simplex Cyber &amp; Intelligence","article_modified_time":"2025-12-11T22:18:17+00:00","twitter_card":"summary_large_image","twitter_misc":{"Estimeret l\u00e6setid":"4 minutter"},"schema":{"@context":"https:\/\/schema.org","@graph":[{"@type":"WebPage","@id":"https:\/\/www.simplexcyber.dk\/?page_id=3","url":"https:\/\/www.simplexcyber.dk\/?page_id=3","name":"Privatlivspolitik | Beskyttelse af dine data og oplysninger","isPartOf":{"@id":"https:\/\/www.simplexcyber.dk\/#website"},"datePublished":"2023-04-20T09:16:13+00:00","dateModified":"2025-12-11T22:18:17+00:00","description":"Vores privatlivspolitik sikrer beskyttelse af dine oplysninger. L\u00e6s, hvordan vi h\u00e5ndterer data i overensstemmelse med g\u00e6ldende standarder","breadcrumb":{"@id":"https:\/\/www.simplexcyber.dk\/?page_id=3#breadcrumb"},"inLanguage":"da-DK","potentialAction":[{"@type":"ReadAction","target":["https:\/\/www.simplexcyber.dk\/?page_id=3"]}]},{"@type":"BreadcrumbList","@id":"https:\/\/www.simplexcyber.dk\/?page_id=3#breadcrumb","itemListElement":[{"@type":"ListItem","position":1,"name":"Hjem","item":"https:\/\/www.simplexcyber.dk\/"},{"@type":"ListItem","position":2,"name":"Privatlivspolitik"}]},{"@type":"WebSite","@id":"https:\/\/www.simplexcyber.dk\/#website","url":"https:\/\/www.simplexcyber.dk\/","name":"Simplex Cyber &amp; Intelligence","description":"Sikkerhed for alle","publisher":{"@id":"https:\/\/www.simplexcyber.dk\/#organization"},"potentialAction":[{"@type":"SearchAction","target":{"@type":"EntryPoint","urlTemplate":"https:\/\/www.simplexcyber.dk\/?s={search_term_string}"},"query-input":{"@type":"PropertyValueSpecification","valueRequired":true,"valueName":"search_term_string"}}],"inLanguage":"da-DK"},{"@type":"Organization","@id":"https:\/\/www.simplexcyber.dk\/#organization","name":"Simplex Cyber &amp; Intelligence","url":"https:\/\/www.simplexcyber.dk\/","logo":{"@type":"ImageObject","inLanguage":"da-DK","@id":"https:\/\/www.simplexcyber.dk\/#\/schema\/logo\/image\/","url":"https:\/\/www.simplexcyber.dk\/wp-content\/uploads\/2023\/05\/Logo-.png","contentUrl":"https:\/\/www.simplexcyber.dk\/wp-content\/uploads\/2023\/05\/Logo-.png","width":200,"height":120,"caption":"Simplex Cyber &amp; Intelligence"},"image":{"@id":"https:\/\/www.simplexcyber.dk\/#\/schema\/logo\/image\/"}}]}},"_links":{"self":[{"href":"https:\/\/www.simplexcyber.dk\/index.php?rest_route=\/wp\/v2\/pages\/3","targetHints":{"allow":["GET"]}}],"collection":[{"href":"https:\/\/www.simplexcyber.dk\/index.php?rest_route=\/wp\/v2\/pages"}],"about":[{"href":"https:\/\/www.simplexcyber.dk\/index.php?rest_route=\/wp\/v2\/types\/page"}],"author":[{"embeddable":true,"href":"https:\/\/www.simplexcyber.dk\/index.php?rest_route=\/wp\/v2\/users\/1"}],"replies":[{"embeddable":true,"href":"https:\/\/www.simplexcyber.dk\/index.php?rest_route=%2Fwp%2Fv2%2Fcomments&post=3"}],"version-history":[{"count":14,"href":"https:\/\/www.simplexcyber.dk\/index.php?rest_route=\/wp\/v2\/pages\/3\/revisions"}],"predecessor-version":[{"id":1779,"href":"https:\/\/www.simplexcyber.dk\/index.php?rest_route=\/wp\/v2\/pages\/3\/revisions\/1779"}],"wp:attachment":[{"href":"https:\/\/www.simplexcyber.dk\/index.php?rest_route=%2Fwp%2Fv2%2Fmedia&parent=3"}],"curies":[{"name":"wp","href":"https:\/\/api.w.org\/{rel}","templated":true}]}}